{"id":544,"date":"2022-07-05T14:07:10","date_gmt":"2022-07-05T12:07:10","guid":{"rendered":"http:\/\/umbria.cultura.gov.it\/?page_id=544"},"modified":"2022-07-05T14:36:01","modified_gmt":"2022-07-05T12:36:01","slug":"performance","status":"publish","type":"page","link":"https:\/\/umbria.cultura.gov.it\/?page_id=544","title":{"rendered":"Performance"},"content":{"rendered":"<p>Al fine di assicurare la qualit\u00e0, comprensibilit\u00e0 ed attendibilit\u00e0 dei documenti di rappresentazione della performance, l\u2019organo di indirizzo politico-amministrativo definisce annualmente, entro il 31 gennaio, ai sensi dell\u2019art. 10 e 15 del\u00a0<a href=\"https:\/\/www.normattiva.it\/atto\/caricaDettaglioAtto?atto.dataPubblicazioneGazzetta=2009-10-31&amp;atto.codiceRedazionale=009G0164&amp;atto.articolo.numero=0&amp;atto.articolo.sottoArticolo=1&amp;atto.articolo.sottoArticolo1=10&amp;qId=366b3fd1-4d72-4ab9-bd5e-87cf43560f92&amp;tabID=0.7533878399991485&amp;title=lbl.dettaglioAtto\">D.Lgs. 27 ottobre 2009, n.150<\/a>\u00a0un documento programmatico triennale, denominato\u00a0<em>Piano della performance<\/em>\u00a0da adottare in coerenza con i contenuti e il ciclo della programmazione finanziaria e di bilancio, che individua gli indirizzi e gli obiettivi strategici ed operativi e definisce, con riferimento agli obiettivi finali ed intermedi ed alle risorse, gli indicatori per la misurazione e la valutazione della performance dell\u2019amministrazione, nonch\u00e9 gli obiettivi assegnati al personale dirigenziale ed i relativi indicatori.<\/p>\n<p><a href=\"https:\/\/www.beniculturali.it\/sistema-di-misurazione-e-valutazione-della-performance\">Sistema di misurazione<\/a> (link al sito MIC)<\/p>\n<p><a href=\"https:\/\/www.beniculturali.it\/piano-della-performance\">Piano della Performance<\/a> (link al sito MIC)<\/p>\n<p><a href=\"https:\/\/www.beniculturali.it\/relazione-sulla-performance\">Relazione sulla Performance\u00a0<\/a>(link al sito MIC)<\/p>\n<p><a href=\"https:\/\/www.beniculturali.it\/ammontare-complessivo-dei-premi\">Ammontare complessivo dei premi<\/a> (link al sito MIC)<\/p>\n<p><a href=\"https:\/\/www.beniculturali.it\/dati-relativi-ai-premi\">Dati relativi ai premi<\/a> (link al sito MIC)<\/p>\n<p><a href=\"https:\/\/www.beniculturali.it\/benessere-organizzativo\">Benessere organizzativo<\/a> (link al sito MIC)<\/p>\n","protected":false},"excerpt":{"rendered":"<p>Al fine di assicurare la qualit\u00e0, comprensibilit\u00e0 ed attendibilit\u00e0 dei documenti di rappresentazione della performance, l\u2019organo di indirizzo politico-amministrativo definisce annualmente, entro il 31 gennaio, ai sensi dell\u2019art.<\/p>\n","protected":false},"author":1,"featured_media":0,"parent":0,"menu_order":0,"comment_status":"closed","ping_status":"closed","template":"","meta":{"_bbp_topic_count":0,"_bbp_reply_count":0,"_bbp_total_topic_count":0,"_bbp_total_reply_count":0,"_bbp_voice_count":0,"_bbp_anonymous_reply_count":0,"_bbp_topic_count_hidden":0,"_bbp_reply_count_hidden":0,"_bbp_forum_subforum_count":0,"footnotes":""},"tags":[],"class_list":["post-544","page","type-page","status-publish","hentry"],"_links":{"self":[{"href":"https:\/\/umbria.cultura.gov.it\/index.php?rest_route=\/wp\/v2\/pages\/544","targetHints":{"allow":["GET"]}}],"collection":[{"href":"https:\/\/umbria.cultura.gov.it\/index.php?rest_route=\/wp\/v2\/pages"}],"about":[{"href":"https:\/\/umbria.cultura.gov.it\/index.php?rest_route=\/wp\/v2\/types\/page"}],"author":[{"embeddable":true,"href":"https:\/\/umbria.cultura.gov.it\/index.php?rest_route=\/wp\/v2\/users\/1"}],"replies":[{"embeddable":true,"href":"https:\/\/umbria.cultura.gov.it\/index.php?rest_route=%2Fwp%2Fv2%2Fcomments&post=544"}],"version-history":[{"count":4,"href":"https:\/\/umbria.cultura.gov.it\/index.php?rest_route=\/wp\/v2\/pages\/544\/revisions"}],"predecessor-version":[{"id":562,"href":"https:\/\/umbria.cultura.gov.it\/index.php?rest_route=\/wp\/v2\/pages\/544\/revisions\/562"}],"wp:attachment":[{"href":"https:\/\/umbria.cultura.gov.it\/index.php?rest_route=%2Fwp%2Fv2%2Fmedia&parent=544"}],"wp:term":[{"taxonomy":"post_tag","embeddable":true,"href":"https:\/\/umbria.cultura.gov.it\/index.php?rest_route=%2Fwp%2Fv2%2Ftags&post=544"}],"curies":[{"name":"wp","href":"https:\/\/api.w.org\/{rel}","templated":true}]}}