{"id":318,"date":"2022-06-16T11:53:16","date_gmt":"2022-06-16T09:53:16","guid":{"rendered":"http:\/\/umbria.cultura.gov.it\/?page_id=318"},"modified":"2022-06-24T10:46:57","modified_gmt":"2022-06-24T08:46:57","slug":"contributi-statali","status":"publish","type":"page","link":"https:\/\/umbria.cultura.gov.it\/?page_id=318","title":{"rendered":"Contributi Statali"},"content":{"rendered":"<p>Ai sensi dell&#8217;art.35 co.1 del D.Lgs 42\/2004 <em><a href=\"https:\/\/www.normattiva.it\/uri-res\/N2Ls?urn:nir:stato:decreto.legislativo:2004-01-22;42!vig=2022-06-23\">Codice dei Beni Culturali e del Paesaggio<\/a>,<\/em>\u00a0il Ministero ha facolt\u00e0 di concorrere alla spesa sostenuta dal proprietario, possessore o detentore di beni culturali per l&#8217;esecuzione degli interventi previsti dall&#8217;art.31 co.1 del detto decreto.<br \/>\nIl proprietario, possessore o detentore di beni dichiarati di interesse culturale ai sensi degli artt. 10 e 13 del D.Lgs. 42\/2004, pu\u00f2 richiedere, a seguito dell\u2019approvazione del progetto di restauro, recupero e valorizzazione di detti beni, l\u2019ammissibilit\u00e0 dell\u2019intervento ai contributi statali.<\/p>\n<p>Si precisa che l\u2019<strong>ammissione<\/strong>\u00a0<strong>al contributo<\/strong>\u00a0\u00e8 subordinata:<br \/>\n1. all\u2019effettivo accertamento formale dell\u2019 interesse culturale del bene oggetto di intervento;<br \/>\n2. all\u2019avvenuto rilascio,da parte della\u00a0<strong>Soprintendenza competente<\/strong>, dell\u2019<strong>autorizzazione<\/strong>\u00a0<strong>ad eseguire i lavori<\/strong>\u00a0(art. 21 D. Lgs. 42\/2004 e ss.mm.ii.), prima dell\u2019inizio della esecuzione dei medesimi.<\/p>\n<p>La corresponsione dei contributi \u00e8 condizionata alla verifica della conformit\u00e0 dei lavori eseguiti al progetto approvato, nel rispetto dell\u2019art. 21 e ss. del Codice; in caso di difformit\u00e0, la concessione del contributo viene sospesa e la somma corrispondente al contributo eventualmente gi\u00e0 erogato sar\u00e0 recuperata in maniera coattiva.<\/p>\n<p>I <strong>contributi<\/strong> sono di due tipi, in\u00a0<em><a href=\"https:\/\/umbria.cultura.gov.it\/?page_id=480\"><strong>Conto Capitale<\/strong><\/a><\/em> e in\u00a0<em><a href=\"https:\/\/umbria.cultura.gov.it\/?page_id=483\"><strong>Conto Interessi<\/strong><\/a><\/em>; sono cumulabili, ma vanno richiesti ciascuno secondo un proprio procedimento.<\/p>\n<p><strong>Si fa presente che i beneficiari dei contributi dovranno presentare apposita domanda alle Soprintendenze competenti nel cui territorio si trova il bene oggetto di interventi (Decreto n.471 del 24\/10\/2018).\u00a0\u00a0\u00a0\u00a0\u00a0<\/strong><\/p>\n<p>L\u2019articolo 38 del Codice\u00a0delinea, quale contropartita rispetto alle agevolazioni economiche previste dal d. lgs. 42\/2004 (art. 31, 35, 36, 37), l\u2019obbligo di rendere accessibili al pubblico i beni restaurati a carico parziale o totale dello Stato. Obiettivo della norma \u00e8, da una parte, contribuire in modo pi\u00f9 capillare alla conservazione del patrimonio nel territorio, dall\u2019altra, renderlo fruibile e promuoverne la conoscenza pi\u00f9 diffusa.<\/p>\n<p>Ai sensi dell\u2019art. 41 del Regolamento di organizzazione del Ministero (DPCM 169\/2019) spetta alle competenti Soprintendenze Archeologia, belle arti e paesaggio curare l\u2019istruttoria finalizzata alla stipula di accordi e convenzioni con i proprietari di beni culturali oggetto di interventi conservativi alla cui spesa ha contribuito il Ministero, al fine di stabilire le modalit\u00e0 per l\u2019accesso ai beni medesimi da parte del pubblico. La stipula degli accordi e delle convenzioni, previa istruttoria della competente Soprintendenza, spetta invece ai Segretariati regionali del MiC.<\/p>\n<p>E\u2019 obbligatorio garantire la pubblica e gratuita\u00a0fruizione\u00a0dei beni in almeno un giorno al mese durante l\u2019arco dell\u2019intero anno, comprendendo altres\u00ec le manifestazioni nazionali a favore dei beni culturali (Giornate Europee del Patrimonio), le festivit\u00e0 nazionali o locali. La convenzione deve essere sottoscritta prima della concessione del contributo nel caso dei contributi in conto capitale, alla fine dei lavori nel caso dei contributi in conto interessi. La convenzione deve essere registrata e trasmessa agli uffici del comune nel cui territorio si trovano i beni immobili. Deve essere data la maggior visibilit\u00e0 possibile all&#8217;accessibilit\u00e0 gratuita agli immobili attraverso l&#8217;apposizione di un cartello esterno all&#8217;immobile che indichi tempi e modalit\u00e0 della visita.<\/p>\n<p>&nbsp;<\/p>\n<p><strong>N.B. <u>Per effetto dell\u2019entrata in vigore del D.L. 6 luglio 2012, convertito nella L. 7 agosto2012, n.135 la concessione dei contributi in conto capitale e in conto interessi era stata sospesa fino al 31.12.2018<\/u>. <\/strong><\/p>\n<p><strong>La Legge di Bilancio 2018 (L. 27\/12\/2017, n. 205, art. 1, c.314) ha ripristinato, a decorrere dal 1\u00b0 gennaio 2019, l\u2019erogazione dei contributi concessi prima dell\u20198 agosto 2012 e ha stabilito che le Soprintendenze potessero emettere nuovamente dichiarazioni di ammissibilit\u00e0 a contributo.<\/strong><\/p>\n<p>&nbsp;<\/p>\n<p><strong>Modulistica per la richiesta di contributi<\/strong>\u00a0(la presente documentazione \u00e8 da ritenersi puramente indicativa in luogo della modulistica ufficiale messa a disposizione presso le competenti Soprintendenze)<\/p>\n<p><a href=\"http:\/\/www.sabap-umbria.beniculturali.it\/index.php?it\/382\/modulistica\" target=\"_blank\" rel=\"noopener noreferrer\">Richiesta preventiva di concessione del contributo in conto capitale<\/a><br \/>\n<a href=\"http:\/\/www.sabap-umbria.beniculturali.it\/index.php?it\/382\/modulistica\" target=\"_blank\" rel=\"noopener noreferrer\">Richiesta consuntiva di concessione del contributo in conto capitale<\/a><br \/>\n<a href=\"http:\/\/www.sabap-umbria.beniculturali.it\/index.php?it\/382\/modulistica\" target=\"_blank\" rel=\"noopener noreferrer\">Richiesta di concessione del contributo in conto interessi<\/a><\/p>\n<p>&nbsp;<\/p>\n","protected":false},"excerpt":{"rendered":"<p>Ai sensi dell&#8217;art.35 co.<\/p>\n","protected":false},"author":1,"featured_media":0,"parent":0,"menu_order":0,"comment_status":"closed","ping_status":"closed","template":"","meta":{"_bbp_topic_count":0,"_bbp_reply_count":0,"_bbp_total_topic_count":0,"_bbp_total_reply_count":0,"_bbp_voice_count":0,"_bbp_anonymous_reply_count":0,"_bbp_topic_count_hidden":0,"_bbp_reply_count_hidden":0,"_bbp_forum_subforum_count":0,"footnotes":""},"tags":[],"class_list":["post-318","page","type-page","status-publish","hentry"],"_links":{"self":[{"href":"https:\/\/umbria.cultura.gov.it\/index.php?rest_route=\/wp\/v2\/pages\/318","targetHints":{"allow":["GET"]}}],"collection":[{"href":"https:\/\/umbria.cultura.gov.it\/index.php?rest_route=\/wp\/v2\/pages"}],"about":[{"href":"https:\/\/umbria.cultura.gov.it\/index.php?rest_route=\/wp\/v2\/types\/page"}],"author":[{"embeddable":true,"href":"https:\/\/umbria.cultura.gov.it\/index.php?rest_route=\/wp\/v2\/users\/1"}],"replies":[{"embeddable":true,"href":"https:\/\/umbria.cultura.gov.it\/index.php?rest_route=%2Fwp%2Fv2%2Fcomments&post=318"}],"version-history":[{"count":8,"href":"https:\/\/umbria.cultura.gov.it\/index.php?rest_route=\/wp\/v2\/pages\/318\/revisions"}],"predecessor-version":[{"id":488,"href":"https:\/\/umbria.cultura.gov.it\/index.php?rest_route=\/wp\/v2\/pages\/318\/revisions\/488"}],"wp:attachment":[{"href":"https:\/\/umbria.cultura.gov.it\/index.php?rest_route=%2Fwp%2Fv2%2Fmedia&parent=318"}],"wp:term":[{"taxonomy":"post_tag","embeddable":true,"href":"https:\/\/umbria.cultura.gov.it\/index.php?rest_route=%2Fwp%2Fv2%2Ftags&post=318"}],"curies":[{"name":"wp","href":"https:\/\/api.w.org\/{rel}","templated":true}]}}