{"id":316,"date":"2022-06-16T11:53:16","date_gmt":"2022-06-16T09:53:16","guid":{"rendered":"http:\/\/umbria.cultura.gov.it\/?page_id=316"},"modified":"2022-06-24T11:18:16","modified_gmt":"2022-06-24T09:18:16","slug":"tutela","status":"publish","type":"page","link":"https:\/\/umbria.cultura.gov.it\/?page_id=316","title":{"rendered":"Tutela"},"content":{"rendered":"<p class=\"rtejustify\">Il Segretariato regionale esplica le proprie attivit\u00e0 nell\u2019ambito della tutela dei beni culturali e dei beni paesaggistici, che costituiscono il nostro patrimonio culturale, secondo il <a href=\"http:\/\/www.normattiva.it\/uri-res\/N2Ls?urn:nir:stato:decreto.legislativo:2004-01-22;42!vig=2022-06-23\"><em>Codice dei beni culturali e del paesaggio<\/em><\/a>, in conformit\u00e0 con l\u2019articolo 9 della Costituzione (\u201cLa Repubblica promuove lo sviluppo della cultura e la ricerca scientifica e tecnica. Tutela il paesaggio e il patrimonio storico e artistico della Nazione\u201d).<\/p>\n<p class=\"rtejustify\">La tutela \u00e8 ogni attivit\u00e0 diretta a riconoscere, proteggere e conservare un bene del nostro patrimonio culturale, affinch\u00e9 possa essere offerto alla conoscenza e al godimento collettivi. \u201cLa tutela e la valorizzazione del patrimonio culturale concorrono a preservare la memoria della comunit\u00e0 nazionale e del suo territorio e a promuovere lo sviluppo della cultura\u201d (<em>Codice dei beni culturali e del paesaggio<\/em>, art. 1, comma 2).<\/p>\n<p class=\"rtejustify\">L\u2019entrata in vigore del Decreto del Presidente del Consiglio dei Ministri 2 dicembre 2019, n. 169, ha parzialmente ridisegnato l\u2019organizzazione del MIC, \u00a0istituendo la <em><strong>Commissione regionale per il patrimonio culturale<\/strong><\/em>\u00a0e nuove procedure per l\u2019attivit\u00e0 di tutela e valorizzazione del patrimonio culturale.<\/p>\n<p class=\"rtejustify\">Il Segretariato regionale, in particolare (art. 40):<\/p>\n<ul>\n<li>convoca la\u00a0<em><strong>Commissione regionale per il patrimonio culturale<\/strong><\/em>, organo collegiale cui ora spetta il coordinamento e l\u2019armonizzazione dell\u2019operato degli organi periferici del Ministero presenti in regione, con lo scopo di favorirne l\u2019integrazione interdisciplinare in un ottica di multidisciplinariet\u00e0 tra i vari Istituti;<\/li>\n<li>riferisce trimestralmente al segretario generale e ai direttori generali centrali di settore in merito all\u2019andamento delle attivit\u00e0 degli uffici periferici del Ministero operanti nel territorio della Regione, sulla base dei dati forniti dagli uffici medesimi;<\/li>\n<li>dispone il concorso\u00a0 del\u00a0 Ministero,\u00a0 sulla\u00a0 base\u00a0 di\u00a0 criteri definiti dalle direzioni generali centrali di\u00a0 settore,\u00a0 nelle\u00a0 spese effettuate dai proprietari, possessori o detentori di beni\u00a0 culturali per interventi conservativi nei casi previsti dagli articoli 34 e\u00a0 35 del Codice ed eroga il contributo di cui all&#8217;articolo 37;<\/li>\n<li>trasmette al competente direttore generale\u00a0 centrale,\u00a0 con\u00a0 le proprie valutazioni, le proposte di\u00a0 prelazione\u00a0 che\u00a0 gli\u00a0 pervengono dalle Soprintendenze destinatarie, ai sensi dell&#8217;articolo\u00a0 62,\u00a0 comma1, del Codice, della denuncia di cui\u00a0 all&#8217;articolo\u00a0 60\u00a0 del\u00a0 medesimo Codice, ovvero le \u00a0proposte\u00a0 di\u00a0 rinuncia\u00a0 ad\u00a0 essa.\u00a0 Con\u00a0 le\u00a0 stesse modalit\u00e0 trasmette al competente direttore generale\u00a0 centrale\u00a0 anche le proposte di prelazione formulate dalla Regione o dagli altri\u00a0 enti pubblici territoriali interessati e,\u00a0 su\u00a0 indicazione\u00a0 del\u00a0 direttore medesimo,\u00a0 comunica\u00a0 alla\u00a0 Regione\u00a0 o\u00a0 agli\u00a0\u00a0 altri\u00a0\u00a0 enti\u00a0\u00a0 pubblici territoriali la rinuncia dello Stato alla prelazione, ai sensi e per gli effetti dell\u2019art. 62, c.3 del Codice.<\/li>\n<\/ul>\n","protected":false},"excerpt":{"rendered":"<p>Il Segretariato regionale esplica le proprie attivit\u00e0 nell\u2019ambito della tutela dei beni culturali e dei beni paesaggistici, che costituiscono il nostro patrimonio culturale, secondo il Codice dei beni culturali e del paesaggio, in conformit\u00e0 con l\u2019articolo 9 della Costituzione (\u201cLa Repubblica promuove lo sviluppo della cultura e la ricerca scientifica e tecnica.<\/p>\n","protected":false},"author":1,"featured_media":0,"parent":0,"menu_order":0,"comment_status":"closed","ping_status":"closed","template":"","meta":{"_bbp_topic_count":0,"_bbp_reply_count":0,"_bbp_total_topic_count":0,"_bbp_total_reply_count":0,"_bbp_voice_count":0,"_bbp_anonymous_reply_count":0,"_bbp_topic_count_hidden":0,"_bbp_reply_count_hidden":0,"_bbp_forum_subforum_count":0,"footnotes":""},"tags":[],"class_list":["post-316","page","type-page","status-publish","hentry"],"_links":{"self":[{"href":"https:\/\/umbria.cultura.gov.it\/index.php?rest_route=\/wp\/v2\/pages\/316","targetHints":{"allow":["GET"]}}],"collection":[{"href":"https:\/\/umbria.cultura.gov.it\/index.php?rest_route=\/wp\/v2\/pages"}],"about":[{"href":"https:\/\/umbria.cultura.gov.it\/index.php?rest_route=\/wp\/v2\/types\/page"}],"author":[{"embeddable":true,"href":"https:\/\/umbria.cultura.gov.it\/index.php?rest_route=\/wp\/v2\/users\/1"}],"replies":[{"embeddable":true,"href":"https:\/\/umbria.cultura.gov.it\/index.php?rest_route=%2Fwp%2Fv2%2Fcomments&post=316"}],"version-history":[{"count":6,"href":"https:\/\/umbria.cultura.gov.it\/index.php?rest_route=\/wp\/v2\/pages\/316\/revisions"}],"predecessor-version":[{"id":491,"href":"https:\/\/umbria.cultura.gov.it\/index.php?rest_route=\/wp\/v2\/pages\/316\/revisions\/491"}],"wp:attachment":[{"href":"https:\/\/umbria.cultura.gov.it\/index.php?rest_route=%2Fwp%2Fv2%2Fmedia&parent=316"}],"wp:term":[{"taxonomy":"post_tag","embeddable":true,"href":"https:\/\/umbria.cultura.gov.it\/index.php?rest_route=%2Fwp%2Fv2%2Ftags&post=316"}],"curies":[{"name":"wp","href":"https:\/\/api.w.org\/{rel}","templated":true}]}}