{"id":3,"date":"2022-04-27T15:16:06","date_gmt":"2022-04-27T13:16:06","guid":{"rendered":"http:\/\/umbria.cultura.gov.it\/?page_id=3"},"modified":"2023-06-23T11:14:15","modified_gmt":"2023-06-23T09:14:15","slug":"privacy-policy","status":"publish","type":"page","link":"https:\/\/umbria.cultura.gov.it\/?page_id=3","title":{"rendered":"Privacy Policy"},"content":{"rendered":"\r\n<h1 class=\"wp-block-heading\" style=\"text-align: center;\">Privacy Policy<\/h1>\r\n<h2 style=\"text-align: center;\"><strong>Informativa sul trattamento dei dati personali<\/strong><\/h2>\r\n<p>In questa pagina si descrivono le modalit\u00e0 e le logiche del trattamento dei dati personali degli utenti che consultano il sito\u00a0<a href=\"https:\/\/umbria.cultura.gov.it\/\">https:\/\/umbria.cultura.gov.it\/<\/a> (di seguito, \u201cil Sito\u201d).<\/p>\r\n<p>L\u2019informativa \u00e8 resa ai sensi dell\u2019art. 13 del Regolamento Generale sulla\u00a0Protezione dei Dati (Regolamento\u00a0UE n. 679\/2016 del Parlamento Europeo e del Consiglio, di seguito indicato come \u201cRegolamento\u201d)\u00a0a tutti gli utenti che, interagendo con il Sito, forniscono i propri dati al Segretariato Regionale del Ministero della Cultura per l\u2019Umbria.<\/p>\r\n<p>La validit\u00e0 dell\u2019informativa contenuta nella presente pagina \u00e8 limitata al solo Sito e non si estende ad altri siti web eventualmente consultabili mediante collegamento ipertestuale.<\/p>\r\n<p>&nbsp;<\/p>\r\n<h3><strong>Titolare del trattamento dei dati<\/strong><\/h3>\r\n<p>Il Titolare del trattamento dei dati raccolti \u00e8 il Ministero della Cultura, con sede in Via del Collegio Romano 27, 00186 Roma.<\/p>\r\n<p>&nbsp;<\/p>\r\n<h3><strong>Responsabile della protezione dei dati<\/strong><\/h3>\r\n<p>Il Responsabile della Protezione dei Dati (RPD) o Data Protection Officer (DPO) \u00e8 raggiungibile al seguente indirizzo: Ministero della cultura &#8211; Responsabile della Protezione dei dati personali, Via del collegio Romano 27, IT-00186, Roma, email: <a href=\"mailto:rpd@cultura.gov.it\">rpd@cultura.gov.it<\/a>; <a href=\"mailto:rpd@pec.cultura.gov.it\">rpd@pec.cultura.gov.it<\/a>.<\/p>\r\n<p>&nbsp;<\/p>\r\n<h3><strong>Destinatari dei dati<\/strong><\/h3>\r\n<p>I dati potranno essere trattati da altri soggetti esterni coinvolti nelle attivit\u00e0 istituzionali del Segretariato Regionale del Ministero della Cultura per l\u2019Umbria, nella loro qualit\u00e0 di responsabili del trattamento.<\/p>\r\n<p>I dati personali raccolti sono altres\u00ec trattati dal personale del Segretariato, che agisce sulla base di specifiche istruzioni fornite in ordine a finalit\u00e0 e modalit\u00e0 del trattamento medesimo.<\/p>\r\n<p>&nbsp;<\/p>\r\n<h3><strong>Finalit\u00e0 del trattamento<\/strong><\/h3>\r\n<p>I dati personali forniti attraverso il Sito sono trattati dal Segretariato in modo lecito e secondo correttezza nell\u2019esecuzione dei propri compiti di interesse pubblico o comunque connessi all\u2019esercizio dei propri pubblici poteri.<\/p>\r\n<p>&nbsp;<\/p>\r\n<h3><strong>Dati forniti volontariamente<\/strong><\/h3>\r\n<p>L\u2019invio \u2013 facoltativo, esplicito e volontario \u2013 di messaggi agli indirizzi di contatto comporta l\u2019acquisizione dei dati di contatto del mittente, necessari a rispondere, nonch\u00e9 di tutti i dati personali inclusi nelle comunicazioni.<\/p>\r\n<p>Essi sono utilizzati al solo fine di eseguire il servizio o la prestazione richiesta e sono eventualmente comunicati ad altri soggetti pubblici o privati nel solo caso in cui ci\u00f2 sia necessario per fornire il servizio o la prestazione richiesta.<\/p>\r\n<p>Specifiche misure di sicurezza sono osservate per prevenire la perdita dei dati, usi illeciti o non corretti e accessi non autorizzati.<\/p>\r\n<p>&nbsp;<\/p>\r\n<h3><strong>Cookie e dati di navigazione<\/strong><\/h3>\r\n<p>I cookie sono piccoli file di testo che i siti visitati inviano al dispositivo dell\u2019utente (computer, tablet, smartphone), dove vengono memorizzati, per poi essere ritrasmessi agli stessi siti alla visita successiva.<\/p>\r\n<p>Vi sono due tipi di cookie: cookie di sessione e cookie permanenti (o persistenti).<\/p>\r\n<p>Se un cookie \u00e8 privo di data di scadenza \u00e8 considerato un cookie di sessione. Un cookie di sessione \u00e8 conservato nella memoria del dispositivo ma non viene mai scritto nel disco, quindi si cancella definitivamente appena si chiude il browser.<\/p>\r\n<p>Un cookie avente data di scadenza \u00e8 considerato un cookie permanente, viene scritto nel disco del dispositivo e vi rimane, anche dopo la chiusura del browser e lo spegnimento del dispositivo, fino alla data di scadenza prevista o fino a che l\u2019utente non lo cancella dal dispositivo.<\/p>\r\n<p>&nbsp;<\/p>\r\n<h4>Il Sito utilizza:<\/h4>\r\n<p><strong>&gt;<\/strong>\u00a0\u00a0\u00a0 cookie di sessione, il cui utilizzo non \u00e8 strumentale alla raccolta di dati personali identificativi dell\u2019utente, essendo limitato alla sola trasmissione di dati identificativi di sessione nella forma di numeri generati automaticamente dal server. I cookies di sessione utilizzati in questo sito evitano il ricorso ad altre tecniche informatiche potenzialmente pregiudizievoli per la riservatezza della navigazione degli utenti e non consentono l\u2019acquisizione di dati personali identificativi dell\u2019utente;<\/p>\r\n<p><strong>&gt;\u00a0\u00a0<\/strong> cookie permanenti: il Sito si avvale di servizi di Google Ireland Limited, la cui privacy policy pu\u00f2 essere visionata all\u2019indirizzo\u00a0<a href=\"https:\/\/policies.google.com\/privacy\">https:\/\/policies.google.com\/privacy<\/a>.<\/p>\r\n<p>&nbsp;<\/p>\r\n<p>I dati sono raccolti all\u2019unico fine di elaborare le informazioni statistiche anonime sull\u2019uso del Sito e per verificare il corretto funzionamento dello stesso; i dati di navigazione potrebbero essere utilizzati in vista dell\u2019identificazione dell\u2019utente solo nel caso in cui ci\u00f2 dovesse essere necessario per l\u2019accertamento di reati di natura informatica, su richiesta dell\u2019autorit\u00e0 giudiziaria.<\/p>\r\n<p>L\u2019utente pu\u00f2 scegliere di abilitare o disabilitare i cookies intervenendo sulle impostazioni del proprio browser di navigazione secondo le istruzioni rese disponibili dai relativi fornitori ai link di seguito indicati.<\/p>\r\n<ul>\r\n<li><a href=\"https:\/\/support.google.com\/chrome\/answer\/95647?hl=eng\">Chrome<\/a><\/li>\r\n<li><a href=\"https:\/\/support.mozilla.org\/it\/kb\/Gestione%20dei%20cookie#w_impostazioni-dei-cookie\">Firefox<\/a><\/li>\r\n<li><a href=\"https:\/\/support.apple.com\/it-it\/HT201265\">Safari<\/a><\/li>\r\n<li><a href=\"https:\/\/support.microsoft.com\/it-it\/microsoft-edge\/eliminare-i-cookie-in-microsoft-edge-63947406-40ac-c3b8-57b9-2a946a29ae09\">Microsoft Edge<\/a><\/li>\r\n<li><a href=\"https:\/\/support.microsoft.com\/it-it\/windows\/eliminare-e-gestire-i-cookie-168dab11-0753-043d-7c16-ede5947fc64d\">Internet Explorer<\/a><\/li>\r\n<li><a href=\"http:\/\/www.opera.com\/help\/tutorials\/security\/cookies\/\">Opera<\/a><\/li>\r\n<\/ul>\r\n<p>&nbsp;<\/p>\r\n<h3><strong>Luogo e modalit\u00e0 di trattamento dei dati CONNESSI AI SERVIZI INTERNET<\/strong><\/h3>\r\n<p>I trattamenti connessi ai servizi Internet di questo Sito hanno luogo presso la sede del Segretariato Regionale del Ministero della Cultura per l\u2019Umbria o in sedi del Ministero definite dallo stesso Segretariato, e sono curati solo da personale tecnico dell\u2019ufficio incaricato del trattamento, oppure dai responsabili designati dal Titolare, con strumenti automatizzati e per il tempo strettamente necessario a conseguire gli scopi per cui sono stati raccolti. Nessun dato derivante dai servizi Internet viene diffuso.<\/p>\r\n<p><strong>\u00a0<\/strong><\/p>\r\n<h3><strong>Diritti degli interessati<\/strong><\/h3>\r\n<p>Gli interessati hanno il diritto di ottenere dal Ministero della Cultura, nei casi previsti, l&#8217;accesso ai propri dati personali e la rettifica, la cancellazione o la portabilit\u00e0 degli stessi o la limitazione del trattamento che li riguarda o di opporsi al trattamento (artt. 15 e ss. del Regolamento).<\/p>\r\n<h4>Gli interessati hanno il diritto di:<\/h4>\r\n<p>a)\u00a0\u00a0\u00a0 chiedere la conferma dell\u2019esistenza o meno di propri dati personali;<\/p>\r\n<p>b)\u00a0\u00a0\u00a0 ottenere le indicazioni circa le finalit\u00e0 del trattamento, le categorie dei dati personali, i destinatari o le categorie di destinatari a cui i dati personali sono stati o saranno comunicati e, quando possibile, il periodo di conservazione;<\/p>\r\n<p>c)\u00a0\u00a0\u00a0\u00a0 ottenere la portabilit\u00e0 dei dati (per portabilit\u00e0 si intende la trasmissione dei dati personali a un altro titolare del trattamento senza impedimenti da parte del titolare del trattamento cui si sono forniti);<\/p>\r\n<p>d)\u00a0\u00a0\u00a0 revocare il consenso al trattamento in qualsiasi momento. In tal caso, la revoca del consenso non pregiudica la liceit\u00e0 del trattamento basata sul consenso prima della revoca;<\/p>\r\n<p>e)\u00a0\u00a0\u00a0 chiedere al titolare l\u2019accesso ai dati personali e la rettifica ovvero la cancellazione dei medesimi o la limitazione del trattamento.<\/p>\r\n<p>&nbsp;<\/p>\r\n<p>Apposita istanza\u00a0al Ministero \u00e8 presentata contattando il Responsabile della Protezione dei Dati (Ministero della Cultura &#8211; Responsabile della Protezione dei Dati, via del Collegio Romano 27, 00186 \u2013\u00a0Roma (ITALIA), email: <a href=\"mailto:rpd@beniculturali.it\">rpd@beniculturali.it<\/a>).<\/p>\r\n<p>&nbsp;<\/p>\r\n<h3><strong>Diritto di reclamo<\/strong><\/h3>\r\n<p>Gli interessati, ricorrendone i presupposti, hanno, altres\u00ec, il diritto di proporre reclamo al Garante per la protezione dei dati personali, quale autorit\u00e0 di controllo, come previsto dall\u2019art. 77 del Regolamento stesso, o di adire le opportune sedi giudiziarie (art. 79 del Regolamento) secondo le procedure previste.<\/p>\r\n<p>Ulteriori informazioni in ordine ai Suoi diritti sulla protezione dei dati personali sono reperibili sul sito web del Garante all\u2019indirizzo <a href=\"http:\/\/www.garanteprivacy.it\">www.garanteprivacy.it<\/a>.<\/p>\r\n","protected":false},"excerpt":{"rendered":"<p>Privacy Policy Informativa sul trattamento dei dati personali In questa pagina si descrivono le modalit\u00e0 e le logiche del trattamento dei dati personali degli utenti che consultano il sito\u00a0https:\/\/umbria.<\/p>\n","protected":false},"author":1,"featured_media":0,"parent":0,"menu_order":0,"comment_status":"closed","ping_status":"open","template":"","meta":{"_bbp_topic_count":0,"_bbp_reply_count":0,"_bbp_total_topic_count":0,"_bbp_total_reply_count":0,"_bbp_voice_count":0,"_bbp_anonymous_reply_count":0,"_bbp_topic_count_hidden":0,"_bbp_reply_count_hidden":0,"_bbp_forum_subforum_count":0,"footnotes":""},"tags":[],"class_list":["post-3","page","type-page","status-publish","hentry"],"_links":{"self":[{"href":"https:\/\/umbria.cultura.gov.it\/index.php?rest_route=\/wp\/v2\/pages\/3","targetHints":{"allow":["GET"]}}],"collection":[{"href":"https:\/\/umbria.cultura.gov.it\/index.php?rest_route=\/wp\/v2\/pages"}],"about":[{"href":"https:\/\/umbria.cultura.gov.it\/index.php?rest_route=\/wp\/v2\/types\/page"}],"author":[{"embeddable":true,"href":"https:\/\/umbria.cultura.gov.it\/index.php?rest_route=\/wp\/v2\/users\/1"}],"replies":[{"embeddable":true,"href":"https:\/\/umbria.cultura.gov.it\/index.php?rest_route=%2Fwp%2Fv2%2Fcomments&post=3"}],"version-history":[{"count":3,"href":"https:\/\/umbria.cultura.gov.it\/index.php?rest_route=\/wp\/v2\/pages\/3\/revisions"}],"predecessor-version":[{"id":830,"href":"https:\/\/umbria.cultura.gov.it\/index.php?rest_route=\/wp\/v2\/pages\/3\/revisions\/830"}],"wp:attachment":[{"href":"https:\/\/umbria.cultura.gov.it\/index.php?rest_route=%2Fwp%2Fv2%2Fmedia&parent=3"}],"wp:term":[{"taxonomy":"post_tag","embeddable":true,"href":"https:\/\/umbria.cultura.gov.it\/index.php?rest_route=%2Fwp%2Fv2%2Ftags&post=3"}],"curies":[{"name":"wp","href":"https:\/\/api.w.org\/{rel}","templated":true}]}}