{"id":225,"date":"2022-06-13T12:56:06","date_gmt":"2022-06-13T10:56:06","guid":{"rendered":"http:\/\/umbria.cultura.gov.it\/?page_id=225"},"modified":"2025-11-12T09:46:41","modified_gmt":"2025-11-12T08:46:41","slug":"contatti","status":"publish","type":"page","link":"https:\/\/umbria.cultura.gov.it\/?page_id=225","title":{"rendered":"Contatti"},"content":{"rendered":"<h1 style=\"text-align: left;\"><strong>Ex Segretariato Regionale del MiC per l&#8217;Umbria<\/strong><\/h1>\n<p class=\"has-text-align-left\">A seguito della modifica organizzativa del Ministero della Cultura, il Segretariato regionale MiC per l&#8217;Umbria \u00e8 stato soppresso e le competenze sono assegnate alla Soprintendenza Archeologia Belle Arti e Paesaggio per l&#8217;Umbria.<\/p>\n<p>Tutte le comunicazioni dovranno pertanto essere inviate ai seguenti indirizzi:<\/p>\n<p style=\"text-align: left;\"><em><strong>PEO:<\/strong><\/em> <a href=\"mailto:sabap-umb@cultura.gov.it\">sabap-umb@cultura.gov.it<\/a><br \/>\n<em><strong>PEC:<\/strong><\/em> <a href=\"mailto:sabap-umb@pec.cultura.gov.it\">sabap-umb@pec.cultura.gov.it<\/a><\/p>\n<p style=\"text-align: left;\">Corso G. Garibaldi 185, 06123 Perugia<br \/>\n<strong><em>Tel.<\/em> <a href=\"tel:+390755750601\">075 575 0601<\/a>; <em>Fax<\/em> <a href=\"fax:+390755720966\">075 572 0966<\/a><\/strong><\/p>\n<p>&nbsp;<\/p>\n<hr \/>\n<h2>Accessibilit\u00e0:<\/h2>\n<p><strong>Dichiarazione di accessibilit\u00e0:<\/strong> <a href=\"https:\/\/form.agid.gov.it\/view\/ce56a7dc-0377-48cc-833a-2ff327692853\/\" target=\"_blank\" rel=\"noopener\">https:\/\/form.agid.gov.it\/view\/ce56a7dc-0377-48cc-833a-2ff327692853\/<\/a><\/p>\n<p style=\"text-align: left;\">Eventuali criticit\u00e0 riscontrate nel sito di cui l\u2019amministrazione \u00e8 titolare, in termini di conformit\u00e0 ai principi di accessibilit\u00e0, o per avere un riscontro sulle informazioni inaccessibili e\/o per richiedere un adeguamento dei sistemi informatici a disposizione pu\u00f2 essere inoltrata apposita segnalazione direttamente a questa Amministrazione (come previsto dalla Legge 9 gennaio 2004, n. 4 aggiornata dal Decreto Legislativo 10 agosto 2018, n. 106, articolo 3-quater comma 2 lettera b) all\u2019indirizzo mail: <a href=\"mailto:sr-umb@cultura.gov.it\">sr-umb@cultura.gov.it<\/a>.<\/p>\n","protected":false},"excerpt":{"rendered":"<p>Ex Segretariato Regionale del MiC per l&#8217;Umbria A seguito della modifica organizzativa del Ministero della Cultura, il Segretariato regionale MiC per l&#8217;Umbria \u00e8 stato soppresso e le competenze sono assegnate alla Soprintendenza Archeologia Belle Arti e Paesaggio per l&#8217;Umbria.<\/p>\n","protected":false},"author":1,"featured_media":0,"parent":0,"menu_order":0,"comment_status":"closed","ping_status":"closed","template":"","meta":{"_bbp_topic_count":0,"_bbp_reply_count":0,"_bbp_total_topic_count":0,"_bbp_total_reply_count":0,"_bbp_voice_count":0,"_bbp_anonymous_reply_count":0,"_bbp_topic_count_hidden":0,"_bbp_reply_count_hidden":0,"_bbp_forum_subforum_count":0,"footnotes":""},"tags":[],"class_list":["post-225","page","type-page","status-publish","hentry"],"_links":{"self":[{"href":"https:\/\/umbria.cultura.gov.it\/index.php?rest_route=\/wp\/v2\/pages\/225","targetHints":{"allow":["GET"]}}],"collection":[{"href":"https:\/\/umbria.cultura.gov.it\/index.php?rest_route=\/wp\/v2\/pages"}],"about":[{"href":"https:\/\/umbria.cultura.gov.it\/index.php?rest_route=\/wp\/v2\/types\/page"}],"author":[{"embeddable":true,"href":"https:\/\/umbria.cultura.gov.it\/index.php?rest_route=\/wp\/v2\/users\/1"}],"replies":[{"embeddable":true,"href":"https:\/\/umbria.cultura.gov.it\/index.php?rest_route=%2Fwp%2Fv2%2Fcomments&post=225"}],"version-history":[{"count":27,"href":"https:\/\/umbria.cultura.gov.it\/index.php?rest_route=\/wp\/v2\/pages\/225\/revisions"}],"predecessor-version":[{"id":1294,"href":"https:\/\/umbria.cultura.gov.it\/index.php?rest_route=\/wp\/v2\/pages\/225\/revisions\/1294"}],"wp:attachment":[{"href":"https:\/\/umbria.cultura.gov.it\/index.php?rest_route=%2Fwp%2Fv2%2Fmedia&parent=225"}],"wp:term":[{"taxonomy":"post_tag","embeddable":true,"href":"https:\/\/umbria.cultura.gov.it\/index.php?rest_route=%2Fwp%2Fv2%2Ftags&post=225"}],"curies":[{"name":"wp","href":"https:\/\/api.w.org\/{rel}","templated":true}]}}